{"id":1177,"date":"2025-08-15T08:13:13","date_gmt":"2025-08-15T08:13:13","guid":{"rendered":"https:\/\/musiclatvia.lv\/?page_id=1177"},"modified":"2025-08-27T08:12:20","modified_gmt":"2025-08-27T08:12:20","slug":"news","status":"publish","type":"page","link":"https:\/\/musiclatvia.lv\/en\/news\/","title":{"rendered":"News"},"content":{"rendered":"\t\t<div data-elementor-type=\"wp-page\" data-elementor-id=\"1177\" class=\"elementor elementor-1177\" data-elementor-post-type=\"page\">\n\t\t\t\t<div class=\"elementor-element elementor-element-386ba67 e-flex e-con-boxed e-con e-parent\" data-id=\"386ba67\" data-element_type=\"container\" data-settings=\"{&quot;background_background&quot;:&quot;classic&quot;}\">\n\t\t\t\t\t<div class=\"e-con-inner\">\n\t\t\t\t<div class=\"elementor-element elementor-element-59f92df7 elementor-align-center elementor-widget elementor-widget-raven-heading\" data-id=\"59f92df7\" data-element_type=\"widget\" data-widget_type=\"raven-heading.default\">\n\t\t\t\t<div class=\"elementor-widget-container\">\n\t\t\t\t\t\t\t<div class=\"raven-widget-wrapper\"><p class=\"raven-heading raven-heading-p\"><span class=\"raven-heading-title \">Music News<\/span><\/p><\/div>\r\n\t\t\t\t\t\t<\/div>\n\t\t\t\t<\/div>\n\t\t\t\t\t<\/div>\n\t\t\t\t<\/div>\n\t\t<div class=\"elementor-element elementor-element-54c62ab1 e-flex e-con-boxed e-con e-parent\" data-id=\"54c62ab1\" data-element_type=\"container\">\n\t\t\t\t\t<div class=\"e-con-inner\">\n\t\t\t\t<div class=\"elementor-element elementor-element-101803f8 elementor-widget elementor-widget-raven-posts\" data-id=\"101803f8\" data-element_type=\"widget\" data-settings=\"{&quot;classic_columns&quot;:&quot;2&quot;,&quot;classic_show_pagination&quot;:&quot;yes&quot;,&quot;_skin&quot;:&quot;classic&quot;,&quot;classic_layout&quot;:&quot;grid&quot;,&quot;classic_columns_tablet&quot;:&quot;2&quot;,&quot;classic_columns_mobile&quot;:&quot;1&quot;,&quot;query_posts_per_page&quot;:6,&quot;classic_pagination_type&quot;:&quot;page_based&quot;,&quot;query_offset&quot;:0}\" data-widget_type=\"raven-posts.classic\">\n\t\t\t\t<div class=\"elementor-widget-container\">\n\t\t\t\t\t\t\t<div class=\"raven-posts raven-grid raven-grid-2 raven-grid-mobile-1 raven-grid-tablet-2 raven-grid-laptop- raven-grid-widescreen-\" data-post-id=\"1177\" data-archive-query=\"\" data-lang=\"\">\r\n\t\t\t\t<div class=\"raven-grid-item raven-post-item post-4463 post type-post status-publish format-standard has-post-thumbnail hentry category-news\">\r\n\t\t\t<div class=\"raven-post\">\r\n\t\t\t\t\t\t<div class=\"raven-post-image-wrap\">\r\n\t\t\t<a class=\"raven-post-image raven-image-fit\" href=\"https:\/\/musiclatvia.lv\/en\/ex-da-bass-panza-presents-a-powerfully-cover-of-opus-iiis-club-classic-its-a-fine-day\/\"><img fetchpriority=\"high\" decoding=\"async\" width=\"820\" height=\"360\" src=\"https:\/\/musiclatvia.lv\/wp-content\/uploads\/2025\/11\/Ex-da-Bass-x-Panza-Its-A-Fine-Day-Facebook-Cover-01.jpg\" class=\"attachment-large size-large wp-image-4464\" alt=\"\" srcset=\"https:\/\/musiclatvia.lv\/wp-content\/uploads\/2025\/11\/Ex-da-Bass-x-Panza-Its-A-Fine-Day-Facebook-Cover-01.jpg 820w, https:\/\/musiclatvia.lv\/wp-content\/uploads\/2025\/11\/Ex-da-Bass-x-Panza-Its-A-Fine-Day-Facebook-Cover-01-300x132.jpg 300w, https:\/\/musiclatvia.lv\/wp-content\/uploads\/2025\/11\/Ex-da-Bass-x-Panza-Its-A-Fine-Day-Facebook-Cover-01-768x337.jpg 768w\" sizes=\"(max-width: 820px) 100vw, 820px\" \/> <span class=\"raven-post-image-overlay\"><\/span><\/a>\t\t<\/div>\r\n\t\t\t\t\t\t<div class=\"raven-post-content\">\r\n\t\t\t\t\t<h3 class=\"raven-post-title\"><a class=\"raven-post-title-link\" href=\"https:\/\/musiclatvia.lv\/en\/ex-da-bass-panza-presents-a-powerfully-cover-of-opus-iiis-club-classic-its-a-fine-day\/\">[Ex] da Bass &#038; Panza presents a powerfully cover of Opus III\u2019s club classic \u201cIt\u2019s A Fine Day\u201d<\/a><\/h3><div class=\"raven-post-excerpt\">Latvian DJ and producer [Ex] da Bass &#8211; widely known both in Latvia and beyond &#8211; has recently released a track that may be his most prominent in recent years.<\/div>\t\t<div class=\"raven-post-read-more\">\r\n\t\t\t<a class=\"raven-post-button\" href=\"https:\/\/musiclatvia.lv\/en\/ex-da-bass-panza-presents-a-powerfully-cover-of-opus-iiis-club-classic-its-a-fine-day\/\"><span class=\"raven-post-button-text\">Read More<\/span><\/a>\r\n\t\t<\/div>\r\n\t\t\t\t\t\t<\/div>\r\n\t\t\t<\/div>\r\n\t\t<\/div>\r\n\t\t\t\t<div class=\"raven-grid-item raven-post-item post-4462 post type-post status-publish format-standard has-post-thumbnail hentry category-news\">\r\n\t\t\t<div class=\"raven-post\">\r\n\t\t\t\t\t\t<div class=\"raven-post-image-wrap\">\r\n\t\t\t<a class=\"raven-post-image raven-image-fit\" href=\"https:\/\/musiclatvia.lv\/en\/evija-vebere-and-rapper-e-v-song-visualized-as-a-noble-act-of-combustion\/\"><img decoding=\"async\" width=\"1024\" height=\"554\" src=\"https:\/\/musiclatvia.lv\/wp-content\/uploads\/2025\/11\/Vebere_E.V._Ir-par-maz-2048x1107-1-1024x554.jpg\" class=\"attachment-large size-large wp-image-4488\" alt=\"\" srcset=\"https:\/\/musiclatvia.lv\/wp-content\/uploads\/2025\/11\/Vebere_E.V._Ir-par-maz-2048x1107-1-1024x554.jpg 1024w, https:\/\/musiclatvia.lv\/wp-content\/uploads\/2025\/11\/Vebere_E.V._Ir-par-maz-2048x1107-1-300x162.jpg 300w, https:\/\/musiclatvia.lv\/wp-content\/uploads\/2025\/11\/Vebere_E.V._Ir-par-maz-2048x1107-1-768x415.jpg 768w, https:\/\/musiclatvia.lv\/wp-content\/uploads\/2025\/11\/Vebere_E.V._Ir-par-maz-2048x1107-1-1536x830.jpg 1536w, https:\/\/musiclatvia.lv\/wp-content\/uploads\/2025\/11\/Vebere_E.V._Ir-par-maz-2048x1107-1.jpg 2048w\" sizes=\"(max-width: 1024px) 100vw, 1024px\" \/> <span class=\"raven-post-image-overlay\"><\/span><\/a>\t\t<\/div>\r\n\t\t\t\t\t\t<div class=\"raven-post-content\">\r\n\t\t\t\t\t<h3 class=\"raven-post-title\"><a class=\"raven-post-title-link\" href=\"https:\/\/musiclatvia.lv\/en\/evija-vebere-and-rapper-e-v-song-visualized-as-a-noble-act-of-combustion\/\">Evija V\u0113bere and rapper E.V. song visualized as a noble act of combustion<\/a><\/h3><div class=\"raven-post-excerpt\">The music video for the song &#8220;Ir par maz&#8221; &#8211; created by D\u0101vis Gauja, Aleksejs Be\u013ceckis, and L\u012bva Vernere &#8211; translates the song\u2019s message into a moving visual story, inspired<\/div>\t\t<div class=\"raven-post-read-more\">\r\n\t\t\t<a class=\"raven-post-button\" href=\"https:\/\/musiclatvia.lv\/en\/evija-vebere-and-rapper-e-v-song-visualized-as-a-noble-act-of-combustion\/\"><span class=\"raven-post-button-text\">Read More<\/span><\/a>\r\n\t\t<\/div>\r\n\t\t\t\t\t\t<\/div>\r\n\t\t\t<\/div>\r\n\t\t<\/div>\r\n\t\t\t\t<div class=\"raven-grid-item raven-post-item post-4461 post type-post status-publish format-standard has-post-thumbnail hentry category-news\">\r\n\t\t\t<div class=\"raven-post\">\r\n\t\t\t\t\t\t<div class=\"raven-post-image-wrap\">\r\n\t\t\t<a class=\"raven-post-image raven-image-fit\" href=\"https:\/\/musiclatvia.lv\/en\/laika-suns-releases-the-first-single-from-an-upcoming-album\/\"><img decoding=\"async\" width=\"1024\" height=\"1024\" src=\"https:\/\/musiclatvia.lv\/wp-content\/uploads\/2025\/11\/tikai-uz-laiku-laikasuns-2048x2048-1-1024x1024.jpg\" class=\"attachment-large size-large wp-image-4491\" alt=\"\" srcset=\"https:\/\/musiclatvia.lv\/wp-content\/uploads\/2025\/11\/tikai-uz-laiku-laikasuns-2048x2048-1-1024x1024.jpg 1024w, https:\/\/musiclatvia.lv\/wp-content\/uploads\/2025\/11\/tikai-uz-laiku-laikasuns-2048x2048-1-300x300.jpg 300w, https:\/\/musiclatvia.lv\/wp-content\/uploads\/2025\/11\/tikai-uz-laiku-laikasuns-2048x2048-1-150x150.jpg 150w, https:\/\/musiclatvia.lv\/wp-content\/uploads\/2025\/11\/tikai-uz-laiku-laikasuns-2048x2048-1-768x768.jpg 768w, https:\/\/musiclatvia.lv\/wp-content\/uploads\/2025\/11\/tikai-uz-laiku-laikasuns-2048x2048-1-1536x1536.jpg 1536w, https:\/\/musiclatvia.lv\/wp-content\/uploads\/2025\/11\/tikai-uz-laiku-laikasuns-2048x2048-1-500x500.jpg 500w, https:\/\/musiclatvia.lv\/wp-content\/uploads\/2025\/11\/tikai-uz-laiku-laikasuns-2048x2048-1.jpg 2048w\" sizes=\"(max-width: 1024px) 100vw, 1024px\" \/> <span class=\"raven-post-image-overlay\"><\/span><\/a>\t\t<\/div>\r\n\t\t\t\t\t\t<div class=\"raven-post-content\">\r\n\t\t\t\t\t<h3 class=\"raven-post-title\"><a class=\"raven-post-title-link\" href=\"https:\/\/musiclatvia.lv\/en\/laika-suns-releases-the-first-single-from-an-upcoming-album\/\">&#8220;Laika Suns&#8221; releases the first single from an upcoming album<\/a><\/h3><div class=\"raven-post-excerpt\">The city rock band &#8220;Laika Suns&#8221; is kicking off the summer with their brand-new single &#8220;Tikai uz laiku&#8221;. This is the first release from their upcoming album, which promises an<\/div>\t\t<div class=\"raven-post-read-more\">\r\n\t\t\t<a class=\"raven-post-button\" href=\"https:\/\/musiclatvia.lv\/en\/laika-suns-releases-the-first-single-from-an-upcoming-album\/\"><span class=\"raven-post-button-text\">Read More<\/span><\/a>\r\n\t\t<\/div>\r\n\t\t\t\t\t\t<\/div>\r\n\t\t\t<\/div>\r\n\t\t<\/div>\r\n\t\t\t\t<div class=\"raven-grid-item raven-post-item post-4458 post type-post status-publish format-standard has-post-thumbnail hentry category-news\">\r\n\t\t\t<div class=\"raven-post\">\r\n\t\t\t\t\t\t<div class=\"raven-post-image-wrap\">\r\n\t\t\t<a class=\"raven-post-image raven-image-fit\" href=\"https:\/\/musiclatvia.lv\/en\/patrisha-releases-first-single-from-her-upcoming-autumn-album\/\"><img loading=\"lazy\" decoding=\"async\" width=\"1024\" height=\"1024\" src=\"https:\/\/musiclatvia.lv\/wp-content\/uploads\/2025\/11\/Atnac-rit-1024x1024.jpeg\" class=\"attachment-large size-large wp-image-4459\" alt=\"\" srcset=\"https:\/\/musiclatvia.lv\/wp-content\/uploads\/2025\/11\/Atnac-rit-1024x1024.jpeg 1024w, https:\/\/musiclatvia.lv\/wp-content\/uploads\/2025\/11\/Atnac-rit-300x300.jpeg 300w, https:\/\/musiclatvia.lv\/wp-content\/uploads\/2025\/11\/Atnac-rit-150x150.jpeg 150w, https:\/\/musiclatvia.lv\/wp-content\/uploads\/2025\/11\/Atnac-rit-768x768.jpeg 768w, https:\/\/musiclatvia.lv\/wp-content\/uploads\/2025\/11\/Atnac-rit-500x500.jpeg 500w, https:\/\/musiclatvia.lv\/wp-content\/uploads\/2025\/11\/Atnac-rit.jpeg 1280w\" sizes=\"(max-width: 1024px) 100vw, 1024px\" \/> <span class=\"raven-post-image-overlay\"><\/span><\/a>\t\t<\/div>\r\n\t\t\t\t\t\t<div class=\"raven-post-content\">\r\n\t\t\t\t\t<h3 class=\"raven-post-title\"><a class=\"raven-post-title-link\" href=\"https:\/\/musiclatvia.lv\/en\/patrisha-releases-first-single-from-her-upcoming-autumn-album\/\">Patrisha releases first single from her upcoming autumn album<\/a><\/h3><div class=\"raven-post-excerpt\">Popular Latvian artist Patrisha has released a new Latvian single titled \u201cAtn\u0101c r\u012bt\u201d today at June 10. The track serves as the first glimpse into her upcoming album, set to<\/div>\t\t<div class=\"raven-post-read-more\">\r\n\t\t\t<a class=\"raven-post-button\" href=\"https:\/\/musiclatvia.lv\/en\/patrisha-releases-first-single-from-her-upcoming-autumn-album\/\"><span class=\"raven-post-button-text\">Read More<\/span><\/a>\r\n\t\t<\/div>\r\n\t\t\t\t\t\t<\/div>\r\n\t\t\t<\/div>\r\n\t\t<\/div>\r\n\t\t\t\t<div class=\"raven-grid-item raven-post-item post-4455 post type-post status-publish format-standard has-post-thumbnail hentry category-news\">\r\n\t\t\t<div class=\"raven-post\">\r\n\t\t\t\t\t\t<div class=\"raven-post-image-wrap\">\r\n\t\t\t<a class=\"raven-post-image raven-image-fit\" href=\"https:\/\/musiclatvia.lv\/en\/crazy-dolls-explore-the-spirit-of-youthful-maximalism-in-their-new-single-mus-meta\/\"><img loading=\"lazy\" decoding=\"async\" width=\"1024\" height=\"1024\" src=\"https:\/\/musiclatvia.lv\/wp-content\/uploads\/2025\/11\/CrazyDolls_muusmeetaa-1024x1024.jpg\" class=\"attachment-large size-large wp-image-4456\" alt=\"\" srcset=\"https:\/\/musiclatvia.lv\/wp-content\/uploads\/2025\/11\/CrazyDolls_muusmeetaa-1024x1024.jpg 1024w, https:\/\/musiclatvia.lv\/wp-content\/uploads\/2025\/11\/CrazyDolls_muusmeetaa-300x300.jpg 300w, https:\/\/musiclatvia.lv\/wp-content\/uploads\/2025\/11\/CrazyDolls_muusmeetaa-150x150.jpg 150w, https:\/\/musiclatvia.lv\/wp-content\/uploads\/2025\/11\/CrazyDolls_muusmeetaa-768x768.jpg 768w, https:\/\/musiclatvia.lv\/wp-content\/uploads\/2025\/11\/CrazyDolls_muusmeetaa-1536x1536.jpg 1536w, https:\/\/musiclatvia.lv\/wp-content\/uploads\/2025\/11\/CrazyDolls_muusmeetaa-500x500.jpg 500w, https:\/\/musiclatvia.lv\/wp-content\/uploads\/2025\/11\/CrazyDolls_muusmeetaa.jpg 1600w\" sizes=\"(max-width: 1024px) 100vw, 1024px\" \/> <span class=\"raven-post-image-overlay\"><\/span><\/a>\t\t<\/div>\r\n\t\t\t\t\t\t<div class=\"raven-post-content\">\r\n\t\t\t\t\t<h3 class=\"raven-post-title\"><a class=\"raven-post-title-link\" href=\"https:\/\/musiclatvia.lv\/en\/crazy-dolls-explore-the-spirit-of-youthful-maximalism-in-their-new-single-mus-meta\/\">&#8220;Crazy Dolls&#8221; explore the spirit of youthful maximalism in their new single &#8220;M\u016bs m\u0113t\u0101&#8221;<\/a><\/h3><div class=\"raven-post-excerpt\">The band &#8220;Crazy Dolls&#8221;\u00a0proudly announces the release of their latest single \u201cM\u016bs m\u0113t\u0101\u201d. The song captures the undeniable energy and boldness of youth \u2014 a force that drives the world<\/div>\t\t<div class=\"raven-post-read-more\">\r\n\t\t\t<a class=\"raven-post-button\" href=\"https:\/\/musiclatvia.lv\/en\/crazy-dolls-explore-the-spirit-of-youthful-maximalism-in-their-new-single-mus-meta\/\"><span class=\"raven-post-button-text\">Read More<\/span><\/a>\r\n\t\t<\/div>\r\n\t\t\t\t\t\t<\/div>\r\n\t\t\t<\/div>\r\n\t\t<\/div>\r\n\t\t\t\t<div class=\"raven-grid-item raven-post-item post-4452 post type-post status-publish format-standard has-post-thumbnail hentry category-news\">\r\n\t\t\t<div class=\"raven-post\">\r\n\t\t\t\t\t\t<div class=\"raven-post-image-wrap\">\r\n\t\t\t<a class=\"raven-post-image raven-image-fit\" href=\"https:\/\/musiclatvia.lv\/en\/idille-invites-listeners-to-embrace-summer-freedom-with-their-new-single-pazust-sajusma\/\"><img loading=\"lazy\" decoding=\"async\" width=\"1024\" height=\"1024\" src=\"https:\/\/musiclatvia.lv\/wp-content\/uploads\/2025\/11\/IDILLE_PAZUST-SAJUSMA-1024x1024.jpg\" class=\"attachment-large size-large wp-image-4453\" alt=\"\" srcset=\"https:\/\/musiclatvia.lv\/wp-content\/uploads\/2025\/11\/IDILLE_PAZUST-SAJUSMA-1024x1024.jpg 1024w, https:\/\/musiclatvia.lv\/wp-content\/uploads\/2025\/11\/IDILLE_PAZUST-SAJUSMA-300x300.jpg 300w, https:\/\/musiclatvia.lv\/wp-content\/uploads\/2025\/11\/IDILLE_PAZUST-SAJUSMA-150x150.jpg 150w, https:\/\/musiclatvia.lv\/wp-content\/uploads\/2025\/11\/IDILLE_PAZUST-SAJUSMA-768x768.jpg 768w, https:\/\/musiclatvia.lv\/wp-content\/uploads\/2025\/11\/IDILLE_PAZUST-SAJUSMA-1536x1536.jpg 1536w, https:\/\/musiclatvia.lv\/wp-content\/uploads\/2025\/11\/IDILLE_PAZUST-SAJUSMA-500x500.jpg 500w, https:\/\/musiclatvia.lv\/wp-content\/uploads\/2025\/11\/IDILLE_PAZUST-SAJUSMA.jpg 2048w\" sizes=\"(max-width: 1024px) 100vw, 1024px\" \/> <span class=\"raven-post-image-overlay\"><\/span><\/a>\t\t<\/div>\r\n\t\t\t\t\t\t<div class=\"raven-post-content\">\r\n\t\t\t\t\t<h3 class=\"raven-post-title\"><a class=\"raven-post-title-link\" href=\"https:\/\/musiclatvia.lv\/en\/idille-invites-listeners-to-embrace-summer-freedom-with-their-new-single-pazust-sajusma\/\">&#8220;Idille&#8221; invites listeners to embrace summer freedom with their new single &#8220;Pazust Saj\u016bsm\u0101&#8221;<\/a><\/h3><div class=\"raven-post-excerpt\">The new indie folk\/rock band Idille surprises with a vibrant and powerful summer-inspired track that encourages breaking free from routine and reflecting on muses of the past. \u201cPazust Saj\u016bsm\u0101\u201d is<\/div>\t\t<div class=\"raven-post-read-more\">\r\n\t\t\t<a class=\"raven-post-button\" href=\"https:\/\/musiclatvia.lv\/en\/idille-invites-listeners-to-embrace-summer-freedom-with-their-new-single-pazust-sajusma\/\"><span class=\"raven-post-button-text\">Read More<\/span><\/a>\r\n\t\t<\/div>\r\n\t\t\t\t\t\t<\/div>\r\n\t\t\t<\/div>\r\n\t\t<\/div>\r\n\t\t\t\t<\/div>\r\n\t\t\t\t<div class=\"raven-pagination\" data-settings=\"{&quot;posts_per_page&quot;:6,&quot;total_pages&quot;:89,&quot;pages_visible&quot;:3}\">\r\n\t\t\t<div class=\"raven-pagination-items\">\r\n\t\t\t\t<a class=\"raven-pagination-prev raven-pagination-item raven-pagination-disabled\" href=\"#\">&laquo; Prev<\/a><a class=\"raven-pagination-num raven-pagination-item raven-pagination-active\" href=\"#\" data-page-num=\"1\">1<\/a><a class=\"raven-pagination-num raven-pagination-item\" href=\"#\" data-page-num=\"2\">2<\/a><a class=\"raven-pagination-num raven-pagination-item\" href=\"#\" data-page-num=\"3\">3<\/a><a class=\"raven-pagination-next raven-pagination-item\" href=\"#\">&gt;<\/a>\t\t\t<\/div>\r\n\t\t<\/div>\r\n\t\t\t\t\t\t<\/div>\n\t\t\t\t<\/div>\n\t\t\t\t\t<\/div>\n\t\t\t\t<\/div>\n\t\t\t\t<\/div>\n\t\t","protected":false},"excerpt":{"rendered":"<p>Music News Lorem Ipsum Dolor Sit Amet, Consectetuer Adipisci text lorem ipsum text lorem ipsum text lorem ipsumtext lorem ipsumtext lorem ipsum text lorem ipsum text lorem ipsum text lorem ipsumtext lorem ipsumtext lorem ipsumvtext lorem ipsum text lorem Read More titlenumber 2 text lorem ipsum text lorem ipsum text lorem ipsumtext lorem ipsumtext lorem [&hellip;]<\/p>\n","protected":false},"author":1,"featured_media":0,"parent":0,"menu_order":0,"comment_status":"closed","ping_status":"closed","template":"full-width.php","meta":{"_acf_changed":false,"footnotes":""},"class_list":["post-1177","page","type-page","status-publish","hentry"],"acf":[],"yoast_head":"<!-- This site is optimized with the Yoast SEO plugin v26.8 - https:\/\/yoast.com\/product\/yoast-seo-wordpress\/ -->\n<title>News - ML<\/title>\n<meta name=\"robots\" content=\"index, follow, max-snippet:-1, max-image-preview:large, max-video-preview:-1\" \/>\n<link rel=\"canonical\" href=\"https:\/\/musiclatvia.lv\/en\/news\/\" \/>\n<meta property=\"og:locale\" content=\"en_US\" \/>\n<meta property=\"og:type\" content=\"article\" \/>\n<meta property=\"og:title\" content=\"News - ML\" \/>\n<meta property=\"og:description\" content=\"Music News Lorem Ipsum Dolor Sit Amet, Consectetuer Adipisci text lorem ipsum text lorem ipsum text lorem ipsumtext lorem ipsumtext lorem ipsum text lorem ipsum text lorem ipsum text lorem ipsumtext lorem ipsumtext lorem ipsumvtext lorem ipsum text lorem Read More titlenumber 2 text lorem ipsum text lorem ipsum text lorem ipsumtext lorem ipsumtext lorem [&hellip;]\" \/>\n<meta property=\"og:url\" content=\"https:\/\/musiclatvia.lv\/en\/news\/\" \/>\n<meta property=\"og:site_name\" content=\"ML\" \/>\n<meta property=\"article:modified_time\" content=\"2025-08-27T08:12:20+00:00\" \/>\n<meta property=\"og:image\" content=\"https:\/\/musiclatvia.lv\/wp-content\/uploads\/2025\/04\/Image.png\" \/>\n<meta name=\"twitter:card\" content=\"summary_large_image\" \/>\n<meta name=\"twitter:label1\" content=\"Est. reading time\" \/>\n\t<meta name=\"twitter:data1\" content=\"1 minute\" \/>\n<script type=\"application\/ld+json\" class=\"yoast-schema-graph\">{\"@context\":\"https:\/\/schema.org\",\"@graph\":[{\"@type\":\"WebPage\",\"@id\":\"https:\/\/musiclatvia.lv\/en\/news\/\",\"url\":\"https:\/\/musiclatvia.lv\/en\/news\/\",\"name\":\"News - ML\",\"isPartOf\":{\"@id\":\"https:\/\/musiclatvia.lv\/#website\"},\"primaryImageOfPage\":{\"@id\":\"https:\/\/musiclatvia.lv\/en\/news\/#primaryimage\"},\"image\":{\"@id\":\"https:\/\/musiclatvia.lv\/en\/news\/#primaryimage\"},\"thumbnailUrl\":\"https:\/\/musiclatvia.lv\/wp-content\/uploads\/2025\/04\/Image.png\",\"datePublished\":\"2025-08-15T08:13:13+00:00\",\"dateModified\":\"2025-08-27T08:12:20+00:00\",\"breadcrumb\":{\"@id\":\"https:\/\/musiclatvia.lv\/en\/news\/#breadcrumb\"},\"inLanguage\":\"en-US\",\"potentialAction\":[{\"@type\":\"ReadAction\",\"target\":[\"https:\/\/musiclatvia.lv\/en\/news\/\"]}]},{\"@type\":\"ImageObject\",\"inLanguage\":\"en-US\",\"@id\":\"https:\/\/musiclatvia.lv\/en\/news\/#primaryimage\",\"url\":\"https:\/\/musiclatvia.lv\/wp-content\/uploads\/2025\/04\/Image.png\",\"contentUrl\":\"https:\/\/musiclatvia.lv\/wp-content\/uploads\/2025\/04\/Image.png\"},{\"@type\":\"BreadcrumbList\",\"@id\":\"https:\/\/musiclatvia.lv\/en\/news\/#breadcrumb\",\"itemListElement\":[{\"@type\":\"ListItem\",\"position\":1,\"name\":\"Home\",\"item\":\"https:\/\/musiclatvia.lv\/en\/\"},{\"@type\":\"ListItem\",\"position\":2,\"name\":\"News\"}]},{\"@type\":\"WebSite\",\"@id\":\"https:\/\/musiclatvia.lv\/#website\",\"url\":\"https:\/\/musiclatvia.lv\/\",\"name\":\"ML\",\"description\":\"ML\",\"publisher\":{\"@id\":\"https:\/\/musiclatvia.lv\/#organization\"},\"potentialAction\":[{\"@type\":\"SearchAction\",\"target\":{\"@type\":\"EntryPoint\",\"urlTemplate\":\"https:\/\/musiclatvia.lv\/?s={search_term_string}\"},\"query-input\":{\"@type\":\"PropertyValueSpecification\",\"valueRequired\":true,\"valueName\":\"search_term_string\"}}],\"inLanguage\":\"en-US\"},{\"@type\":\"Organization\",\"@id\":\"https:\/\/musiclatvia.lv\/#organization\",\"name\":\"ML\",\"url\":\"https:\/\/musiclatvia.lv\/\",\"logo\":{\"@type\":\"ImageObject\",\"inLanguage\":\"en-US\",\"@id\":\"https:\/\/musiclatvia.lv\/#\/schema\/logo\/image\/\",\"url\":\"https:\/\/musiclatvia.lv\/wp-content\/uploads\/2021\/01\/ml_logo.png\",\"contentUrl\":\"https:\/\/musiclatvia.lv\/wp-content\/uploads\/2021\/01\/ml_logo.png\",\"width\":362,\"height\":105,\"caption\":\"ML\"},\"image\":{\"@id\":\"https:\/\/musiclatvia.lv\/#\/schema\/logo\/image\/\"}}]}<\/script>\n<!-- \/ Yoast SEO plugin. -->","yoast_head_json":{"title":"News - ML","robots":{"index":"index","follow":"follow","max-snippet":"max-snippet:-1","max-image-preview":"max-image-preview:large","max-video-preview":"max-video-preview:-1"},"canonical":"https:\/\/musiclatvia.lv\/en\/news\/","og_locale":"en_US","og_type":"article","og_title":"News - ML","og_description":"Music News Lorem Ipsum Dolor Sit Amet, Consectetuer Adipisci text lorem ipsum text lorem ipsum text lorem ipsumtext lorem ipsumtext lorem ipsum text lorem ipsum text lorem ipsum text lorem ipsumtext lorem ipsumtext lorem ipsumvtext lorem ipsum text lorem Read More titlenumber 2 text lorem ipsum text lorem ipsum text lorem ipsumtext lorem ipsumtext lorem [&hellip;]","og_url":"https:\/\/musiclatvia.lv\/en\/news\/","og_site_name":"ML","article_modified_time":"2025-08-27T08:12:20+00:00","og_image":[{"url":"https:\/\/musiclatvia.lv\/wp-content\/uploads\/2025\/04\/Image.png","type":"","width":"","height":""}],"twitter_card":"summary_large_image","twitter_misc":{"Est. reading time":"1 minute"},"schema":{"@context":"https:\/\/schema.org","@graph":[{"@type":"WebPage","@id":"https:\/\/musiclatvia.lv\/en\/news\/","url":"https:\/\/musiclatvia.lv\/en\/news\/","name":"News - ML","isPartOf":{"@id":"https:\/\/musiclatvia.lv\/#website"},"primaryImageOfPage":{"@id":"https:\/\/musiclatvia.lv\/en\/news\/#primaryimage"},"image":{"@id":"https:\/\/musiclatvia.lv\/en\/news\/#primaryimage"},"thumbnailUrl":"https:\/\/musiclatvia.lv\/wp-content\/uploads\/2025\/04\/Image.png","datePublished":"2025-08-15T08:13:13+00:00","dateModified":"2025-08-27T08:12:20+00:00","breadcrumb":{"@id":"https:\/\/musiclatvia.lv\/en\/news\/#breadcrumb"},"inLanguage":"en-US","potentialAction":[{"@type":"ReadAction","target":["https:\/\/musiclatvia.lv\/en\/news\/"]}]},{"@type":"ImageObject","inLanguage":"en-US","@id":"https:\/\/musiclatvia.lv\/en\/news\/#primaryimage","url":"https:\/\/musiclatvia.lv\/wp-content\/uploads\/2025\/04\/Image.png","contentUrl":"https:\/\/musiclatvia.lv\/wp-content\/uploads\/2025\/04\/Image.png"},{"@type":"BreadcrumbList","@id":"https:\/\/musiclatvia.lv\/en\/news\/#breadcrumb","itemListElement":[{"@type":"ListItem","position":1,"name":"Home","item":"https:\/\/musiclatvia.lv\/en\/"},{"@type":"ListItem","position":2,"name":"News"}]},{"@type":"WebSite","@id":"https:\/\/musiclatvia.lv\/#website","url":"https:\/\/musiclatvia.lv\/","name":"ML","description":"ML","publisher":{"@id":"https:\/\/musiclatvia.lv\/#organization"},"potentialAction":[{"@type":"SearchAction","target":{"@type":"EntryPoint","urlTemplate":"https:\/\/musiclatvia.lv\/?s={search_term_string}"},"query-input":{"@type":"PropertyValueSpecification","valueRequired":true,"valueName":"search_term_string"}}],"inLanguage":"en-US"},{"@type":"Organization","@id":"https:\/\/musiclatvia.lv\/#organization","name":"ML","url":"https:\/\/musiclatvia.lv\/","logo":{"@type":"ImageObject","inLanguage":"en-US","@id":"https:\/\/musiclatvia.lv\/#\/schema\/logo\/image\/","url":"https:\/\/musiclatvia.lv\/wp-content\/uploads\/2021\/01\/ml_logo.png","contentUrl":"https:\/\/musiclatvia.lv\/wp-content\/uploads\/2021\/01\/ml_logo.png","width":362,"height":105,"caption":"ML"},"image":{"@id":"https:\/\/musiclatvia.lv\/#\/schema\/logo\/image\/"}}]}},"_links":{"self":[{"href":"https:\/\/musiclatvia.lv\/en\/wp-json\/wp\/v2\/pages\/1177","targetHints":{"allow":["GET"]}}],"collection":[{"href":"https:\/\/musiclatvia.lv\/en\/wp-json\/wp\/v2\/pages"}],"about":[{"href":"https:\/\/musiclatvia.lv\/en\/wp-json\/wp\/v2\/types\/page"}],"author":[{"embeddable":true,"href":"https:\/\/musiclatvia.lv\/en\/wp-json\/wp\/v2\/users\/1"}],"replies":[{"embeddable":true,"href":"https:\/\/musiclatvia.lv\/en\/wp-json\/wp\/v2\/comments?post=1177"}],"version-history":[{"count":46,"href":"https:\/\/musiclatvia.lv\/en\/wp-json\/wp\/v2\/pages\/1177\/revisions"}],"predecessor-version":[{"id":2021,"href":"https:\/\/musiclatvia.lv\/en\/wp-json\/wp\/v2\/pages\/1177\/revisions\/2021"}],"wp:attachment":[{"href":"https:\/\/musiclatvia.lv\/en\/wp-json\/wp\/v2\/media?parent=1177"}],"curies":[{"name":"wp","href":"https:\/\/api.w.org\/{rel}","templated":true}]}}