{"id":1210,"date":"2025-08-15T08:26:23","date_gmt":"2025-08-15T08:26:23","guid":{"rendered":"https:\/\/musiclatvia.lv\/?page_id=1210"},"modified":"2025-08-26T15:31:00","modified_gmt":"2025-08-26T15:31:00","slug":"contacts","status":"publish","type":"page","link":"https:\/\/musiclatvia.lv\/en\/contacts\/","title":{"rendered":"Contacts"},"content":{"rendered":"\t\t<div data-elementor-type=\"wp-page\" data-elementor-id=\"1210\" class=\"elementor elementor-1210\" data-elementor-post-type=\"page\">\n\t\t\t\t<div class=\"elementor-element elementor-element-a4cc792 e-flex e-con-boxed e-con e-parent\" data-id=\"a4cc792\" data-element_type=\"container\" data-settings=\"{&quot;background_background&quot;:&quot;classic&quot;}\">\n\t\t\t\t\t<div class=\"e-con-inner\">\n\t\t\t\t<div class=\"elementor-element elementor-element-63f1d77 elementor-widget elementor-widget-heading\" data-id=\"63f1d77\" data-element_type=\"widget\" data-widget_type=\"heading.default\">\n\t\t\t\t<div class=\"elementor-widget-container\">\n\t\t\t\t\t<h2 class=\"elementor-heading-title elementor-size-default\">Contacts<\/h2>\t\t\t\t<\/div>\n\t\t\t\t<\/div>\n\t\t\t\t\t<\/div>\n\t\t\t\t<\/div>\n\t\t<div class=\"elementor-element elementor-element-dd94952 e-flex e-con-boxed e-con e-parent\" data-id=\"dd94952\" data-element_type=\"container\">\n\t\t\t\t\t<div class=\"e-con-inner\">\n\t\t<div class=\"elementor-element elementor-element-3792f79 e-con-full e-flex e-con e-child\" data-id=\"3792f79\" data-element_type=\"container\" data-settings=\"{&quot;background_background&quot;:&quot;classic&quot;}\">\n\t\t\t\t<div class=\"elementor-element elementor-element-995127a elementor-widget elementor-widget-heading\" data-id=\"995127a\" data-element_type=\"widget\" data-widget_type=\"heading.default\">\n\t\t\t\t<div class=\"elementor-widget-container\">\n\t\t\t\t\t<h2 class=\"elementor-heading-title elementor-size-default\">Management<\/h2>\t\t\t\t<\/div>\n\t\t\t\t<\/div>\n\t\t\t\t<div class=\"elementor-element elementor-element-96ebf61 elementor-widget elementor-widget-image\" data-id=\"96ebf61\" data-element_type=\"widget\" data-widget_type=\"image.default\">\n\t\t\t\t<div class=\"elementor-widget-container\">\n\t\t\t\t\t\t\t\t\t\t\t\t\t\t\t<img fetchpriority=\"high\" decoding=\"async\" width=\"563\" height=\"389\" src=\"https:\/\/musiclatvia.lv\/wp-content\/uploads\/2025\/08\/agnese.webp\" class=\"attachment-large size-large wp-image-1395\" alt=\"\" srcset=\"https:\/\/musiclatvia.lv\/wp-content\/uploads\/2025\/08\/agnese.webp 563w, https:\/\/musiclatvia.lv\/wp-content\/uploads\/2025\/08\/agnese-300x207.webp 300w\" sizes=\"(max-width: 563px) 100vw, 563px\" \/>\t\t\t\t\t\t\t\t\t\t\t\t\t\t\t<\/div>\n\t\t\t\t<\/div>\n\t\t\t\t<div class=\"elementor-element elementor-element-46b2151 elementor-widget elementor-widget-heading\" data-id=\"46b2151\" data-element_type=\"widget\" data-widget_type=\"heading.default\">\n\t\t\t\t<div class=\"elementor-widget-container\">\n\t\t\t\t\t<h2 class=\"elementor-heading-title elementor-size-default\">Agnese Cimu\u0161ka-Rekke<\/h2>\t\t\t\t<\/div>\n\t\t\t\t<\/div>\n\t\t\t\t<div class=\"elementor-element elementor-element-c7ef7cc elementor-widget elementor-widget-text-editor\" data-id=\"c7ef7cc\" data-element_type=\"widget\" data-widget_type=\"text-editor.default\">\n\t\t\t\t<div class=\"elementor-widget-container\">\n\t\t\t\t\t\t\t\t\t<p>\u201eLatvijas M\u016bzikas att\u012bst\u012bbas biedr\u012bba\/Latvijas M\u016bzikas eksports\u201d<br \/>Association Executive Director<\/p>\t\t\t\t\t\t\t\t<\/div>\n\t\t\t\t<\/div>\n\t\t\t\t<div class=\"elementor-element elementor-element-1511ab0 elementor-icon-list--layout-inline elementor-list-item-link-full_width elementor-widget elementor-widget-icon-list\" data-id=\"1511ab0\" data-element_type=\"widget\" data-widget_type=\"icon-list.default\">\n\t\t\t\t<div class=\"elementor-widget-container\">\n\t\t\t\t\t\t\t<ul class=\"elementor-icon-list-items elementor-inline-items\">\n\t\t\t\t\t\t\t<li class=\"elementor-icon-list-item elementor-inline-item\">\n\t\t\t\t\t\t\t\t\t\t\t<span class=\"elementor-icon-list-icon\">\n\t\t\t\t\t\t\t<svg aria-hidden=\"true\" class=\"e-font-icon-svg e-fas-mail-bulk\" viewBox=\"0 0 576 512\" xmlns=\"http:\/\/www.w3.org\/2000\/svg\"><path d=\"M160 448c-25.6 0-51.2-22.4-64-32-64-44.8-83.2-60.8-96-70.4V480c0 17.67 14.33 32 32 32h256c17.67 0 32-14.33 32-32V345.6c-12.8 9.6-32 25.6-96 70.4-12.8 9.6-38.4 32-64 32zm128-192H32c-17.67 0-32 14.33-32 32v16c25.6 19.2 22.4 19.2 115.2 86.4 9.6 6.4 28.8 25.6 44.8 25.6s35.2-19.2 44.8-22.4c92.8-67.2 89.6-67.2 115.2-86.4V288c0-17.67-14.33-32-32-32zm256-96H224c-17.67 0-32 14.33-32 32v32h96c33.21 0 60.59 25.42 63.71 57.82l.29-.22V416h192c17.67 0 32-14.33 32-32V192c0-17.67-14.33-32-32-32zm-32 128h-64v-64h64v64zm-352-96c0-35.29 28.71-64 64-64h224V32c0-17.67-14.33-32-32-32H96C78.33 0 64 14.33 64 32v192h96v-32z\"><\/path><\/svg>\t\t\t\t\t\t<\/span>\n\t\t\t\t\t\t\t\t\t\t<span class=\"elementor-icon-list-text\">agnese@musiclatvia.lv<\/span>\n\t\t\t\t\t\t\t\t\t<\/li>\n\t\t\t\t\t\t\t\t<li class=\"elementor-icon-list-item elementor-inline-item\">\n\t\t\t\t\t\t\t\t\t\t\t<span class=\"elementor-icon-list-icon\">\n\t\t\t\t\t\t\t<svg aria-hidden=\"true\" class=\"e-font-icon-svg e-fas-phone-alt\" viewBox=\"0 0 512 512\" xmlns=\"http:\/\/www.w3.org\/2000\/svg\"><path d=\"M497.39 361.8l-112-48a24 24 0 0 0-28 6.9l-49.6 60.6A370.66 370.66 0 0 1 130.6 204.11l60.6-49.6a23.94 23.94 0 0 0 6.9-28l-48-112A24.16 24.16 0 0 0 122.6.61l-104 24A24 24 0 0 0 0 48c0 256.5 207.9 464 464 464a24 24 0 0 0 23.4-18.6l24-104a24.29 24.29 0 0 0-14.01-27.6z\"><\/path><\/svg>\t\t\t\t\t\t<\/span>\n\t\t\t\t\t\t\t\t\t\t<span class=\"elementor-icon-list-text\">+371 26457262<\/span>\n\t\t\t\t\t\t\t\t\t<\/li>\n\t\t\t\t\t\t<\/ul>\n\t\t\t\t\t\t<\/div>\n\t\t\t\t<\/div>\n\t\t\t\t<\/div>\n\t\t<div class=\"elementor-element elementor-element-675854a e-con-full e-flex e-con e-child\" data-id=\"675854a\" data-element_type=\"container\">\n\t\t\t\t<div class=\"elementor-element elementor-element-0455fc4 elementor-widget elementor-widget-heading\" data-id=\"0455fc4\" data-element_type=\"widget\" data-widget_type=\"heading.default\">\n\t\t\t\t<div class=\"elementor-widget-container\">\n\t\t\t\t\t<h2 class=\"elementor-heading-title elementor-size-default\">Chat with Us<\/h2>\t\t\t\t<\/div>\n\t\t\t\t<\/div>\n\t\t\t\t<div class=\"elementor-element elementor-element-37e0177 elementor-widget elementor-widget-shortcode\" data-id=\"37e0177\" data-element_type=\"widget\" data-widget_type=\"shortcode.default\">\n\t\t\t\t<div class=\"elementor-widget-container\">\n\t\t\t\t\t\t\t<div class=\"elementor-shortcode\"><div class='fluentform ff-default fluentform_wrapper_1 ffs_default_wrap'><form data-form_id=\"1\" id=\"fluentform_1\" class=\"frm-fluent-form fluent_form_1 ff-el-form-top ff_form_instance_1_1 ff-form-loading ffs_default\" data-form_instance=\"ff_form_instance_1_1\" method=\"POST\" ><fieldset  style=\"border: none!important;margin: 0!important;padding: 0!important;background-color: transparent!important;box-shadow: none!important;outline: none!important; min-inline-size: 100%;\">\n                    <legend class=\"ff_screen_reader_title\" style=\"display: block; margin: 0!important;padding: 0!important;height: 0!important;text-indent: -999999px;width: 0!important;overflow:hidden;\">Contact Form Demo<\/legend><input type='hidden' name='__fluent_form_embded_post_id' value='1210' \/><input type=\"hidden\" id=\"_fluentform_1_fluentformnonce\" name=\"_fluentform_1_fluentformnonce\" value=\"25ad43eb6a\" \/><input type=\"hidden\" name=\"_wp_http_referer\" value=\"\/en\/wp-json\/wp\/v2\/pages\/1210\" \/><div data-type=\"name-element\" data-name=\"names\" class=\" ff-field_container ff-name-field-wrapper\" ><div class='ff-t-container'><div class='ff-t-cell '><div class='ff-el-group  ff-el-form-hide_label'><div class=\"ff-el-input--label ff-el-is-required asterisk-right\"><label for='ff_1_names_first_name_' >First Name<\/label><\/div><div class='ff-el-input--content'><input type=\"text\" name=\"names[first_name]\" id=\"ff_1_names_first_name_\" class=\"ff-el-form-control\" placeholder=\"First Name\" aria-invalid=\"false\" aria-required=true><\/div><\/div><\/div><div class='ff-t-cell '><div class='ff-el-group  ff-el-form-hide_label'><div class=\"ff-el-input--label asterisk-right\"><label for='ff_1_names_last_name_' >Last Name<\/label><\/div><div class='ff-el-input--content'><input type=\"text\" name=\"names[last_name]\" id=\"ff_1_names_last_name_\" class=\"ff-el-form-control\" placeholder=\"Last Name\" aria-invalid=\"false\" aria-required=false><\/div><\/div><\/div><\/div><\/div><div data-name=\"ff_cn_id_1\"  class='ff-t-container ff-column-container ff_columns_total_2  '><div class='ff-t-cell ff-t-column-1' style='flex-basis: 50%;'><div class='ff-el-group'><div class='ff-el-input--content'><input type=\"text\" name=\"input_text\" class=\"ff-el-form-control\" placeholder=\"Your Number\" data-name=\"input_text\" id=\"ff_1_input_text\"  aria-invalid=\"false\" aria-required=false><\/div><\/div><\/div><div class='ff-t-cell ff-t-column-2' style='flex-basis: 50%;'><div class='ff-el-group'><div class='ff-el-input--content'><input type=\"email\" name=\"email\" id=\"ff_1_email\" class=\"ff-el-form-control\" placeholder=\"Your Email\" data-name=\"email\"  aria-invalid=\"false\" aria-required=true><\/div><\/div><\/div><\/div><div class='ff-el-group'><div class='ff-el-input--content'><input type=\"text\" name=\"subject\" class=\"ff-el-form-control\" placeholder=\"Subject\" data-name=\"subject\" id=\"ff_1_subject\"  aria-invalid=\"false\" aria-required=false><\/div><\/div><div class='ff-el-group'><div class='ff-el-input--content'><textarea aria-invalid=\"false\" aria-required=true name=\"message\" id=\"ff_1_message\" class=\"ff-el-form-control\" placeholder=\"Your Message\" rows=\"4\" cols=\"2\" data-name=\"message\" ><\/textarea><\/div><\/div><div class='ff-el-group ' ><div class='ff-el-input--content'><div data-fluent_id='1' name='g-recaptcha-response'><div\n\t\tdata-sitekey='6Lf4dhcsAAAAAN5wKSkex0S1cb7ELKNfxWJCUlAq'\n\t\tid='fluentform-recaptcha-1-1'\n\t\tclass='ff-el-recaptcha g-recaptcha'\n\t\tdata-callback='fluentFormrecaptchaSuccessCallback'><\/div><\/div><\/div><\/div><div class='ff-el-group ff-text-left ff_submit_btn_wrapper'><button type=\"submit\" class=\"ff-btn ff-btn-submit ff-btn-md ff_btn_style\" >Let's Talk<\/button><\/div><\/fieldset><\/form><div id='fluentform_1_errors' class='ff-errors-in-stack ff_form_instance_1_1 ff-form-loading_errors ff_form_instance_1_1_errors'><\/div><\/div>        <script type=\"text\/javascript\">\n            window.fluent_form_ff_form_instance_1_1 = {\"id\":\"1\",\"settings\":{\"layout\":{\"labelPlacement\":\"top\",\"helpMessagePlacement\":\"with_label\",\"errorMessagePlacement\":\"inline\",\"cssClassName\":\"\",\"asteriskPlacement\":\"asterisk-right\"},\"restrictions\":{\"denyEmptySubmission\":{\"enabled\":false}}},\"form_instance\":\"ff_form_instance_1_1\",\"form_id_selector\":\"fluentform_1\",\"rules\":{\"names[first_name]\":{\"required\":{\"value\":true,\"message\":\"This field is required\",\"global\":false,\"global_message\":\"This field is required\"}},\"names[middle_name]\":{\"required\":{\"value\":false,\"message\":\"This field is required\",\"global\":false,\"global_message\":\"This field is required\"}},\"names[last_name]\":{\"required\":{\"value\":false,\"message\":\"This field is required\",\"global\":false,\"global_message\":\"This field is required\"}},\"input_text\":{\"required\":{\"value\":false,\"message\":\"This field is required\",\"global_message\":\"This field is required\",\"global\":true}},\"email\":{\"required\":{\"value\":true,\"message\":\"This field is required\",\"global\":false,\"global_message\":\"This field is required\"},\"email\":{\"value\":true,\"message\":\"This field must contain a valid email\",\"global\":false,\"global_message\":\"This field must contain a valid email\"}},\"subject\":{\"required\":{\"value\":false,\"message\":\"This field is required\",\"global\":false,\"global_message\":\"This field is required\"}},\"message\":{\"required\":{\"value\":true,\"message\":\"This field is required\",\"global\":false,\"global_message\":\"This field is required\"}},\"g-recaptcha-response\":[]},\"debounce_time\":300};\n                    <\/script>\n        <\/div>\n\t\t\t\t\t\t<\/div>\n\t\t\t\t<\/div>\n\t\t\t\t<\/div>\n\t\t\t\t\t<\/div>\n\t\t\t\t<\/div>\n\t\t\t\t<\/div>\n\t\t","protected":false},"excerpt":{"rendered":"<p>Contacts Management Agnese Cimu\u0161ka-Rekke \u201eLatvijas M\u016bzikas att\u012bst\u012bbas biedr\u012bba\/Latvijas M\u016bzikas eksports\u201dAssociation Executive Director agnese@musiclatvia.lv +371 26457262 Chat with Us<\/p>\n","protected":false},"author":1,"featured_media":0,"parent":0,"menu_order":0,"comment_status":"closed","ping_status":"closed","template":"full-width.php","meta":{"_acf_changed":false,"footnotes":""},"class_list":["post-1210","page","type-page","status-publish","hentry"],"acf":[],"yoast_head":"<!-- This site is optimized with the Yoast SEO plugin v26.8 - https:\/\/yoast.com\/product\/yoast-seo-wordpress\/ -->\n<title>Contacts - ML<\/title>\n<meta name=\"robots\" content=\"index, follow, max-snippet:-1, max-image-preview:large, max-video-preview:-1\" \/>\n<link rel=\"canonical\" href=\"https:\/\/musiclatvia.lv\/en\/contacts\/\" \/>\n<meta property=\"og:locale\" content=\"en_US\" \/>\n<meta property=\"og:type\" content=\"article\" \/>\n<meta property=\"og:title\" content=\"Contacts - ML\" \/>\n<meta property=\"og:description\" content=\"Contacts Management Agnese Cimu\u0161ka-Rekke \u201eLatvijas M\u016bzikas att\u012bst\u012bbas biedr\u012bba\/Latvijas M\u016bzikas eksports\u201dAssociation Executive Director agnese@musiclatvia.lv +371 26457262 Chat with Us\" \/>\n<meta property=\"og:url\" content=\"https:\/\/musiclatvia.lv\/en\/contacts\/\" \/>\n<meta property=\"og:site_name\" content=\"ML\" \/>\n<meta property=\"article:modified_time\" content=\"2025-08-26T15:31:00+00:00\" \/>\n<meta property=\"og:image\" content=\"https:\/\/musiclatvia.lv\/wp-content\/uploads\/2025\/08\/agnese.webp\" \/>\n\t<meta property=\"og:image:width\" content=\"563\" \/>\n\t<meta property=\"og:image:height\" content=\"389\" \/>\n\t<meta property=\"og:image:type\" content=\"image\/webp\" \/>\n<meta name=\"twitter:card\" content=\"summary_large_image\" \/>\n<script type=\"application\/ld+json\" class=\"yoast-schema-graph\">{\"@context\":\"https:\/\/schema.org\",\"@graph\":[{\"@type\":\"WebPage\",\"@id\":\"https:\/\/musiclatvia.lv\/en\/contacts\/\",\"url\":\"https:\/\/musiclatvia.lv\/en\/contacts\/\",\"name\":\"Contacts - ML\",\"isPartOf\":{\"@id\":\"https:\/\/musiclatvia.lv\/#website\"},\"primaryImageOfPage\":{\"@id\":\"https:\/\/musiclatvia.lv\/en\/contacts\/#primaryimage\"},\"image\":{\"@id\":\"https:\/\/musiclatvia.lv\/en\/contacts\/#primaryimage\"},\"thumbnailUrl\":\"https:\/\/musiclatvia.lv\/wp-content\/uploads\/2025\/08\/agnese.webp\",\"datePublished\":\"2025-08-15T08:26:23+00:00\",\"dateModified\":\"2025-08-26T15:31:00+00:00\",\"breadcrumb\":{\"@id\":\"https:\/\/musiclatvia.lv\/en\/contacts\/#breadcrumb\"},\"inLanguage\":\"en-US\",\"potentialAction\":[{\"@type\":\"ReadAction\",\"target\":[\"https:\/\/musiclatvia.lv\/en\/contacts\/\"]}]},{\"@type\":\"ImageObject\",\"inLanguage\":\"en-US\",\"@id\":\"https:\/\/musiclatvia.lv\/en\/contacts\/#primaryimage\",\"url\":\"https:\/\/musiclatvia.lv\/wp-content\/uploads\/2025\/08\/agnese.webp\",\"contentUrl\":\"https:\/\/musiclatvia.lv\/wp-content\/uploads\/2025\/08\/agnese.webp\"},{\"@type\":\"BreadcrumbList\",\"@id\":\"https:\/\/musiclatvia.lv\/en\/contacts\/#breadcrumb\",\"itemListElement\":[{\"@type\":\"ListItem\",\"position\":1,\"name\":\"Home\",\"item\":\"https:\/\/musiclatvia.lv\/en\/\"},{\"@type\":\"ListItem\",\"position\":2,\"name\":\"Contacts\"}]},{\"@type\":\"WebSite\",\"@id\":\"https:\/\/musiclatvia.lv\/#website\",\"url\":\"https:\/\/musiclatvia.lv\/\",\"name\":\"ML\",\"description\":\"ML\",\"publisher\":{\"@id\":\"https:\/\/musiclatvia.lv\/#organization\"},\"potentialAction\":[{\"@type\":\"SearchAction\",\"target\":{\"@type\":\"EntryPoint\",\"urlTemplate\":\"https:\/\/musiclatvia.lv\/?s={search_term_string}\"},\"query-input\":{\"@type\":\"PropertyValueSpecification\",\"valueRequired\":true,\"valueName\":\"search_term_string\"}}],\"inLanguage\":\"en-US\"},{\"@type\":\"Organization\",\"@id\":\"https:\/\/musiclatvia.lv\/#organization\",\"name\":\"ML\",\"url\":\"https:\/\/musiclatvia.lv\/\",\"logo\":{\"@type\":\"ImageObject\",\"inLanguage\":\"en-US\",\"@id\":\"https:\/\/musiclatvia.lv\/#\/schema\/logo\/image\/\",\"url\":\"https:\/\/musiclatvia.lv\/wp-content\/uploads\/2021\/01\/ml_logo.png\",\"contentUrl\":\"https:\/\/musiclatvia.lv\/wp-content\/uploads\/2021\/01\/ml_logo.png\",\"width\":362,\"height\":105,\"caption\":\"ML\"},\"image\":{\"@id\":\"https:\/\/musiclatvia.lv\/#\/schema\/logo\/image\/\"}}]}<\/script>\n<!-- \/ Yoast SEO plugin. -->","yoast_head_json":{"title":"Contacts - ML","robots":{"index":"index","follow":"follow","max-snippet":"max-snippet:-1","max-image-preview":"max-image-preview:large","max-video-preview":"max-video-preview:-1"},"canonical":"https:\/\/musiclatvia.lv\/en\/contacts\/","og_locale":"en_US","og_type":"article","og_title":"Contacts - ML","og_description":"Contacts Management Agnese Cimu\u0161ka-Rekke \u201eLatvijas M\u016bzikas att\u012bst\u012bbas biedr\u012bba\/Latvijas M\u016bzikas eksports\u201dAssociation Executive Director agnese@musiclatvia.lv +371 26457262 Chat with Us","og_url":"https:\/\/musiclatvia.lv\/en\/contacts\/","og_site_name":"ML","article_modified_time":"2025-08-26T15:31:00+00:00","og_image":[{"width":563,"height":389,"url":"https:\/\/musiclatvia.lv\/wp-content\/uploads\/2025\/08\/agnese.webp","type":"image\/webp"}],"twitter_card":"summary_large_image","schema":{"@context":"https:\/\/schema.org","@graph":[{"@type":"WebPage","@id":"https:\/\/musiclatvia.lv\/en\/contacts\/","url":"https:\/\/musiclatvia.lv\/en\/contacts\/","name":"Contacts - ML","isPartOf":{"@id":"https:\/\/musiclatvia.lv\/#website"},"primaryImageOfPage":{"@id":"https:\/\/musiclatvia.lv\/en\/contacts\/#primaryimage"},"image":{"@id":"https:\/\/musiclatvia.lv\/en\/contacts\/#primaryimage"},"thumbnailUrl":"https:\/\/musiclatvia.lv\/wp-content\/uploads\/2025\/08\/agnese.webp","datePublished":"2025-08-15T08:26:23+00:00","dateModified":"2025-08-26T15:31:00+00:00","breadcrumb":{"@id":"https:\/\/musiclatvia.lv\/en\/contacts\/#breadcrumb"},"inLanguage":"en-US","potentialAction":[{"@type":"ReadAction","target":["https:\/\/musiclatvia.lv\/en\/contacts\/"]}]},{"@type":"ImageObject","inLanguage":"en-US","@id":"https:\/\/musiclatvia.lv\/en\/contacts\/#primaryimage","url":"https:\/\/musiclatvia.lv\/wp-content\/uploads\/2025\/08\/agnese.webp","contentUrl":"https:\/\/musiclatvia.lv\/wp-content\/uploads\/2025\/08\/agnese.webp"},{"@type":"BreadcrumbList","@id":"https:\/\/musiclatvia.lv\/en\/contacts\/#breadcrumb","itemListElement":[{"@type":"ListItem","position":1,"name":"Home","item":"https:\/\/musiclatvia.lv\/en\/"},{"@type":"ListItem","position":2,"name":"Contacts"}]},{"@type":"WebSite","@id":"https:\/\/musiclatvia.lv\/#website","url":"https:\/\/musiclatvia.lv\/","name":"ML","description":"ML","publisher":{"@id":"https:\/\/musiclatvia.lv\/#organization"},"potentialAction":[{"@type":"SearchAction","target":{"@type":"EntryPoint","urlTemplate":"https:\/\/musiclatvia.lv\/?s={search_term_string}"},"query-input":{"@type":"PropertyValueSpecification","valueRequired":true,"valueName":"search_term_string"}}],"inLanguage":"en-US"},{"@type":"Organization","@id":"https:\/\/musiclatvia.lv\/#organization","name":"ML","url":"https:\/\/musiclatvia.lv\/","logo":{"@type":"ImageObject","inLanguage":"en-US","@id":"https:\/\/musiclatvia.lv\/#\/schema\/logo\/image\/","url":"https:\/\/musiclatvia.lv\/wp-content\/uploads\/2021\/01\/ml_logo.png","contentUrl":"https:\/\/musiclatvia.lv\/wp-content\/uploads\/2021\/01\/ml_logo.png","width":362,"height":105,"caption":"ML"},"image":{"@id":"https:\/\/musiclatvia.lv\/#\/schema\/logo\/image\/"}}]}},"_links":{"self":[{"href":"https:\/\/musiclatvia.lv\/en\/wp-json\/wp\/v2\/pages\/1210","targetHints":{"allow":["GET"]}}],"collection":[{"href":"https:\/\/musiclatvia.lv\/en\/wp-json\/wp\/v2\/pages"}],"about":[{"href":"https:\/\/musiclatvia.lv\/en\/wp-json\/wp\/v2\/types\/page"}],"author":[{"embeddable":true,"href":"https:\/\/musiclatvia.lv\/en\/wp-json\/wp\/v2\/users\/1"}],"replies":[{"embeddable":true,"href":"https:\/\/musiclatvia.lv\/en\/wp-json\/wp\/v2\/comments?post=1210"}],"version-history":[{"count":71,"href":"https:\/\/musiclatvia.lv\/en\/wp-json\/wp\/v2\/pages\/1210\/revisions"}],"predecessor-version":[{"id":2001,"href":"https:\/\/musiclatvia.lv\/en\/wp-json\/wp\/v2\/pages\/1210\/revisions\/2001"}],"wp:attachment":[{"href":"https:\/\/musiclatvia.lv\/en\/wp-json\/wp\/v2\/media?parent=1210"}],"curies":[{"name":"wp","href":"https:\/\/api.w.org\/{rel}","templated":true}]}}